{"id":8548,"date":"2025-08-08T12:41:45","date_gmt":"2025-08-08T12:41:45","guid":{"rendered":"https:\/\/www.museoarcheologiconapoli.it\/?page_id=8548"},"modified":"2025-08-08T12:44:24","modified_gmt":"2025-08-08T12:44:24","slug":"informativa-per-il-trattamento-dei-dati-personali","status":"publish","type":"page","link":"https:\/\/www.museoarcheologiconapoli.it\/en\/informativa-per-il-trattamento-dei-dati-personali\/","title":{"rendered":"Informativa per il trattamento dei dati personali"},"content":{"rendered":"<div class=\"wpb-content-wrapper\">[vc_row][vc_column][vc_column_text css=&#8221;&#8221;]<strong>Privacy Policy<\/strong><\/p>\n<p>In questa pagina vengono descritte le modalit\u00e0 di trattamento dei dati personali in merito alla consultazione del sito <a href=\"http:\/\/www.museoarcheologiconapoli.it\">www.museoarcheologiconapoli.it<\/a>.<\/p>\n<p>Il Museo Archeologico Nazionale di Napoli (di seguito \u201cMANN\u201d) informa gli Interessati che i dati personali raccolti tramite il sito web saranno trattati nel rispetto del Regolamento UE 2016\/679 (GDPR) e della normativa vigente in materia di protezione dei dati personali.<\/p>\n<p>Prima di comunicare qualsiasi dato personale durante la navigazione sul sito web si invita a leggere con attenzione la presente Privacy Policy, poich\u00e9 contiene informazioni importanti sulla tutela dei dati personali e sulle misure di sicurezza adottate per garantirne la riservatezza nel pieno rispetto della normativa vigente applicabile.<\/p>\n<p>Si informa che il trattamento dati personali sar\u00e0 improntato nel rispetto dei principi di liceit\u00e0, correttezza, trasparenza, limitazione delle finalit\u00e0 e della conservazione, minimizzazione dei dati, esattezza, integrit\u00e0 e riservatezza.<\/p>\n<p>&nbsp;<\/p>\n<p><strong>Titolare del trattamento<\/strong><\/p>\n<p>Il Titolare del trattamento dei dati di navigazione raccolti a seguito della consultazione del sito <a href=\"http:\/\/www.museoarcheologiconapoli.it\">www.museoarcheologiconapoli.it<\/a> \u00e8 il Ministero della Cultura, con sede in via del Collegio Romano 27, 00186 \u2013 Roma, che, in conformit\u00e0 alla sua struttura organizzativa, esercita tale funzione tramite il Direttore del MANN.<\/p>\n<p>&nbsp;<\/p>\n<p><strong>Responsabile Protezione dei Dati<\/strong><\/p>\n<p>Il Responsabile della Protezione dei Dati (RPD o DPO), nominato ai sensi dell&#8217;art. 37 del GDPR, \u00e8 raggiungibile all&#8217;indirizzo:<\/p>\n<p>Ministero della Cultura &#8211; Responsabile della Protezione dei dati personali<\/p>\n<p>via del Collegio Romano 27, 00186 \u2013 Roma<\/p>\n<p>pec: <a href=\"http:\/\/rpd@pec.cultura.gov.it\">rpd@pec.cultura.gov.it<\/a><\/p>\n<p>e-mail: <a href=\"http:\/\/rpd@cultura.gov.it\">rpd@cultura.gov.it<\/a><\/p>\n<p>&nbsp;<\/p>\n<p><strong>Finalit\u00e0 e basi giuridiche del trattamento<\/strong><\/p>\n<p>I dati personali degli Interessati sono trattati dal MANN per le seguenti Finalit\u00e0:<\/p>\n<ol>\n<li><strong>Svolgimento delle funzioni istituzionali <\/strong>per:<\/li>\n<\/ol>\n<ul>\n<li>l\u2019assolvimento di compiti e funzioni previsti dalla legge nonch\u00e9 per l\u2019adempimento di obblighi previsti da leggi, da regolamenti, dalla normativa comunitaria (articolo 6.1.c Regolamento 679\/2016\/UE);<\/li>\n<li>l\u2019esercizio di un compito di interesse pubblico connesso all\u2019esercizio di pubblici poteri (articolo 6.1.e Regolamento 679\/2016\/UE);<\/li>\n<li>l\u2019esecuzione di un contratto cui l\u2019interessato \u00e8 parte (articolo 6.1.b Regolamento 679\/2016\/UE);<\/li>\n<\/ul>\n<ol>\n<li><strong>Risposta alle richieste inviate dagli Utenti tramite il form \u201cContatti\u201d<\/strong>. I Dati saranno trattati anche per rispondere alle richieste che gli Utenti potranno trasmettere ai recapiti disponibili sul Sito: a tal fine, \u00e8 necessario che gli Utenti comunichino i propri dati di contatto (nome, e-mail, telefono ecc.) in quanto, in mancanza, non sar\u00e0 possibile dare loro riscontro. La base giuridica del presente trattamento \u00e8 la necessit\u00e0 di adempiere a obblighi precontrattuali e contrattuali e\/o obblighi di legge, su richieste dell\u2019Utente;<\/li>\n<li><strong>Ulteriori finalit\u00e0<\/strong>: newsletter (laddove questo strumento sia previsto) previo consenso (e iscrizione), sempre revocabile a seguito di semplice richiesta indirizzata al Titolare ai riferimenti qui indicati, invio via e-mail, posta e\/o sms e\/o contatti telefonici della newsletter del MANN.<\/li>\n<\/ol>\n<p>&nbsp;<\/p>\n<p><strong>Consenso al trattamento<\/strong><\/p>\n<p>Il consenso al trattamento viene definito come qualsiasi manifestazione di volont\u00e0 libera, specifica, informata e inequivocabile dell&#8217;interessato, con la quale lo stesso manifesta il proprio assenso, mediante dichiarazione o azione positiva inequivocabile, che i dati personali che lo riguardano siano oggetto di trattamento (art. 4, n. 11 del GDPR).<\/p>\n<p>La raccolta del consenso da parte dell\u2019Interessato per le finalit\u00e0 di cui al punto a) e b) non \u00e8 necessaria, come da previsione dell\u2019art. 6 lett. b), e), f) del Regolamento UE 2016\/679. Viceversa, \u00e8 necessario documentare (tracciabilit\u00e0) l\u2019acquisizione del consenso (art. 7 Reg. UE 2016\/679), raccolto in modo specifico e separato, per le finalit\u00e0 di newsletter di cui al punto c),; in tal caso l\u2019erogazione del servizio \u00e8 subordinata alla prestazione del consenso.<\/p>\n<p>In ogni caso \u00e8 sempre possibile esprimere presso il Titolare il proprio dissenso al trattamento dei propri dati.<\/p>\n<p>&nbsp;<\/p>\n<p><strong>Tipologie di Trattamento<\/strong><\/p>\n<p>Ai sensi dell\u2019art.. 4 n. 2) del Reg. UE 2016\/679, per \u201cTrattamento\u201d \u00e8 da intendersi \u201cqualsiasi operazione o insieme di operazioni, compiute con o senza l&#8217;ausilio di processi automatizzati e applicate a dati personali o insiemi di dati personali, come la raccolta, la registrazione, l&#8217;organizzazione, la strutturazione, la conservazione, l&#8217;adattamento o la modifica, l&#8217;estrazione, la consultazione, l&#8217;uso, la comunicazione mediante trasmissione, diffusione o qualsiasi altra forma di messa a disposizione, il raffronto o l&#8217;interconnessione, la limitazione, la cancellazione o la distruzione\u201d.<\/p>\n<p>Per \u201cdato personale\u201d \u00e8 da intendersi \u201cqualsiasi informazione riguardante una persona fisica identificata o identificabile (\u00abinteressato\u00bb); si considera identificabile la persona fisica che pu\u00f2 essere identificata, direttamente o indirettamente, con particolare riferimento a un identificativo come il nome, un numero di identificazione, dati relativi all&#8217;ubicazione, un identificativo online o a uno o pi\u00f9 elementi caratteristici della sua identit\u00e0 fisica, fisiologica, genetica, psichica, economica, culturale o sociale\u201d.<\/p>\n<p>Fra i Dati Personali raccolti da questo sito web sono compresi:<\/p>\n<ol>\n<li><strong>Dati di navigazione<\/strong><\/li>\n<\/ol>\n<p>I sistemi informatici e le procedure software preposte al funzionamento di questo sito acquisiscono, nel corso del loro normale esercizio, alcuni dati personali la cui trasmissione \u00e8 implicita nell\u2019uso dei protocolli di comunicazione di Internet.<\/p>\n<p>In questa categoria di dati rientrano gli indirizzi IP o i nomi a dominio dei computer e dei terminali utilizzati dagli utenti, gli indirizzi in notazione URI\/URL (Uniform Resource Identifier\/Locator) delle risorse richieste, l\u2019orario della richiesta, il metodo utilizzato nel sottoporre la richiesta al server, la dimensione del file ottenuto in risposta, il codice numerico indicante lo stato della risposta data dal server (buon fine, errore ecc.) e altri parametri relativi al sistema operativo e all\u2019ambiente informatico dell\u2019utente.<\/p>\n<p>Tali dati, necessari per la fruizione dei servizi web, vengono anche trattati allo scopo di:<\/p>\n<ul>\n<li>ottenere informazioni statistiche sull\u2019uso dei servizi (pagine pi\u00f9 visitate, numero di visitatori per fascia oraria o giornaliera, aree geografiche di provenienza, ecc.);<\/li>\n<li>controllare il corretto funzionamento dei servizi offerti.<\/li>\n<\/ul>\n<ol>\n<li><strong>Dati comunicati dall\u2019utente<\/strong><\/li>\n<\/ol>\n<p>L\u2019invio facoltativo, esplicito e volontario di messaggi agli indirizzi di contatto del Museo, i messaggi privati inviati dagli utenti ai profili\/pagine istituzionali sui social media (laddove questa possibilit\u00e0 sia prevista), nonch\u00e9 la compilazione e l\u2019inoltro dei moduli presenti sul sito del Museo, comportano l\u2019acquisizione dei dati di contatto del mittente, necessari a rispondere, nonch\u00e9 di tutti i dati personali inclusi nelle comunicazioni.<\/p>\n<ol>\n<li><strong>Cookie e altri sistemi di tracciamento<\/strong><\/li>\n<\/ol>\n<p>Viene fatto uso di cookie e altri metodi di tracciamento per la profilazione degli utenti. Per avere maggiori informazioni si invita a leggere la <a href=\"\/cookie-policy\/\">Cookie Policy<\/a> .<\/p>\n<p>&nbsp;<\/p>\n<p><strong>Modalit\u00e0 di trattamento<\/strong><\/p>\n<p>I dati personali sono trattati con modalit\u00e0 prevalentemente automatizzata e saranno custoditi in modo da ridurre al minimo, mediante l\u2019adozione di idonee e preventive misure di sicurezza, i rischi di distruzione o perdita, anche accidentale, dei dati stessi, di accesso non autorizzato o di trattamento non consentito o non conforme alle finalit\u00e0 della raccolta.<\/p>\n<p>&nbsp;<\/p>\n<p><strong>Data retention<\/strong><\/p>\n<p>Il MANN tratter\u00e0 i dati personali per il tempo strettamente necessario per adempiere alle finalit\u00e0 di cui sopra, salve esigenze diverse derivanti da obblighi di legge:<\/p>\n<ul>\n<li>dati di navigazione massimo 12 mesi, salvo obblighi di legge;<\/li>\n<li>dati per richieste fino all\u2019espletamento della richiesta e per eventuali ulteriori obblighi di legge;<\/li>\n<li>dati per newsletter fino a revoca del consenso.<\/li>\n<\/ul>\n<p>In seguito, i dati personali saranno cancellati.<\/p>\n<p>&nbsp;<\/p>\n<p><strong>Minori<\/strong><\/p>\n<p>Nessun dato personale dovrebbe essere inserito sul sito da minori senza il preventivo consenso dei genitori o dei tutori. Il titolare incoraggia tutti i genitori e i tutori a istruire i minori sull\u2019uso in Internet dei propri dati personali in modalit\u00e0 sicura e responsabile. Il MANN si impegna, comunque, a non conservare o usare consapevolmente nessun dato personale raccolto da minori per nessun fine, inclusa la divulgazione a terze parti.<\/p>\n<p>&nbsp;<\/p>\n<p><strong>Destinatari<\/strong><\/p>\n<p>i dati personali potranno essere condivisi, per le finalit\u00e0 sopra specificate, con:<\/p>\n<ul>\n<li>soggetti che operano per conto del Titolare e che erogano dei servizi per la corretta funzionalit\u00e0 del Sito Web del MANN e che agiscono tipicamente in qualit\u00e0 di Responsabili del trattamento;<\/li>\n<li>persone autorizzate dal MANN al trattamento dei Dati Personali che si siano impegnate alla riservatezza o abbiano un adeguato obbligo legale di riservatezza; (es. dipendenti e collaboratori del MANN);<\/li>\n<li>autorit\u00e0 amministrative anche giurisdizionali nell\u2019esercizio delle loro funzioni quando richiesto dalla normativa applicabile.<\/li>\n<\/ul>\n<p>I Dati personali non saranno diffusi.<\/p>\n<p>&nbsp;<\/p>\n<p><strong>Luogo e trasferimento dati<\/strong><\/p>\n<p>I dati sono trattati presso le sedi operative del Titolare e in ogni altro luogo in cui le parti coinvolte nel trattamento siano localizzate. Per ulteriori informazioni, \u00e8 possibile contattare il Titolare. Alcuni dati personali sono trasferiti a Destinatari che si potrebbero trovare al di fuori dello Spazio Economico Europeo. Il MANN assicura, in ogni caso, che il trattamento elettronico e cartaceo dei dati personali da parte dei Destinatari avviene nel rispetto della normativa applicabile. Il trasferimento di dati al di fuori dell\u2019Unione Europea avviene sulla base di una decisione di adeguatezza o sulle Standard Model Clauses approvate dalla Commissione Europea.<\/p>\n<p>&nbsp;<\/p>\n<p><strong>I diritti degli interessati<\/strong><\/p>\n<p>Gli Utenti possono esercitare determinati diritti con riferimento ai dati trattati dal Titolare. In particolare, l\u2019interessato ha il diritto di:<\/p>\n<ul>\n<li>revocare il consenso in ogni momento;<\/li>\n<li>opporsi al trattamento dei propri dati;<\/li>\n<li>accedere ai propri dati;<\/li>\n<li>verificare e chiedere la rettificazione&lt;,<\/li>\n<li>ottenere la limitazione del trattamento;<\/li>\n<li>ottenere la cancellazione o rimozione dei propri dati personali;<\/li>\n<li>ricevere i propri dati o farli trasferire ad altro titolare;<\/li>\n<li>proporre reclamo all\u2019autorit\u00e0 di controllo della protezione dei dati personali competente (www.garanteprivacy.it ) o agire in sede giudiziale.<\/li>\n<\/ul>\n<p>I diritti di cui sopra potranno essere esercitati nei confronti del responsabile del trattamento.<\/p>\n<p>&nbsp;<\/p>\n<p><strong>Altri siti web<\/strong><\/p>\n<p>Sul sito\u00a0 <a href=\"http:\/\/www.museoarcheologiconapoli.it\">www.museoarcheologiconapoli.it<\/a> si possono trovare collegamenti ipertestuali (hyperlink) con altri siti web, proposti per fornire un migliore servizio ai propri utenti. Il MANN non \u00e8 in alcun modo responsabile del contenuto dei suddetti siti web. L\u2019esistenza di un hyperlink verso un altro sito non sottintende quindi approvazione o accettazione di responsabilit\u00e0 da parte del Titolare circa il contenuto del nuovo sito cui si accede, anche in relazione alla politica adottata per il trattamento dei dati personali, nonch\u00e9 alla sua utilizzazione.<\/p>\n<p>&nbsp;<\/p>\n<p><strong>Pulsanti e widget di social network<\/strong><\/p>\n<p>I social buttons sono quei particolari \u201cpulsanti\u201d presenti sul sito che raffigurano le icone di social network (Facebook, Instagram ecc.) e consentono agli utenti che stanno navigando di interagire con un \u201cclick\u201d direttamente con le piattaforme social. I social buttons utilizzati dal sito sono dei link che rinviano agli account del Titolare sui social network raffigurati. Tramite l\u2019utilizzo di tali pulsanti non sono pertanto installati sul sito cookie di terze parti.<\/p>\n<p>&nbsp;<\/p>\n<p><strong>Modifiche alla Privacy Policy<\/strong><\/p>\n<p>Il Museo si riserva il diritto di aggiornare la presente Privacy Policy in qualsiasi momento. Le modifiche saranno pubblicate su questa pagina con data di aggiornamento.<\/p>\n<p>&nbsp;<\/p>\n<p><strong>Contatti<\/strong><\/p>\n<p>Per domande o chiarimenti sulla presente Privacy Policy, si pu\u00f2 contattare il:<\/p>\n<p>Museo Archeologico Nazionale di Napoli<\/p>\n<p>Piazza Museo 19, 80135 \u2013 Napoli<\/p>\n<p>pec: <a href=\"http:\/\/man-na@pec.cultura.gov.it\">man-na@pec.cultura.gov.it<\/a><\/p>\n<p>e-mail: <a href=\"http:\/\/man-na@cultura.gov.it\">man-na@cultura.gov.it<\/a><\/p>\n<p>&nbsp;<\/p>\n[\/vc_column_text][\/vc_column][\/vc_row]\n<\/div>","protected":false},"excerpt":{"rendered":"<p>[vc_row][vc_column][vc_column_text css=&#8221;&#8221;]Privacy Policy In questa pagina vengono descritte le modalit\u00e0 di trattamento dei dati personali in merito alla consultazione del sito www.museoarcheologiconapoli.it. Il Museo Archeologico Nazionale di Napoli (di seguito \u201cMANN\u201d) informa gli Interessati che i dati personali raccolti tramite il sito web saranno trattati nel rispetto del Regolamento UE 2016\/679 (GDPR) e della normativa&hellip;<\/p>\n","protected":false},"author":1,"featured_media":0,"parent":0,"menu_order":0,"comment_status":"closed","ping_status":"closed","template":"","meta":{"_acf_changed":false,"footnotes":""},"class_list":["post-8548","page","type-page","status-publish","hentry","entry","no-media"],"acf":[],"yoast_head":"<!-- This site is optimized with the Yoast SEO plugin v25.5 - https:\/\/yoast.com\/wordpress\/plugins\/seo\/ -->\n<title>Informativa per il trattamento dei dati personali - mann napoli|museo archeologico di napoli<\/title>\n<meta name=\"robots\" content=\"index, follow, max-snippet:-1, max-image-preview:large, max-video-preview:-1\" \/>\n<link rel=\"canonical\" href=\"https:\/\/www.museoarcheologiconapoli.it\/en\/informativa-per-il-trattamento-dei-dati-personali\/\" \/>\n<meta property=\"og:locale\" content=\"en_US\" \/>\n<meta property=\"og:type\" content=\"article\" \/>\n<meta property=\"og:title\" content=\"Informativa per il trattamento dei dati personali - mann napoli|museo archeologico di napoli\" \/>\n<meta property=\"og:description\" content=\"[vc_row][vc_column][vc_column_text css=&#8221;&#8221;]Privacy Policy In questa pagina vengono descritte le modalit\u00e0 di trattamento dei dati personali in merito alla consultazione del sito www.museoarcheologiconapoli.it. Il Museo Archeologico Nazionale di Napoli (di seguito \u201cMANN\u201d) informa gli Interessati che i dati personali raccolti tramite il sito web saranno trattati nel rispetto del Regolamento UE 2016\/679 (GDPR) e della normativa&hellip;\" \/>\n<meta property=\"og:url\" content=\"https:\/\/www.museoarcheologiconapoli.it\/en\/informativa-per-il-trattamento-dei-dati-personali\/\" \/>\n<meta property=\"og:site_name\" content=\"mann napoli|museo archeologico di napoli\" \/>\n<meta property=\"article:publisher\" content=\"https:\/\/www.facebook.com\/MANNapoli\" \/>\n<meta property=\"article:modified_time\" content=\"2025-08-08T12:44:24+00:00\" \/>\n<meta name=\"twitter:card\" content=\"summary_large_image\" \/>\n<meta name=\"twitter:site\" content=\"@mannapoli\" \/>\n<meta name=\"twitter:label1\" content=\"Est. reading time\" \/>\n\t<meta name=\"twitter:data1\" content=\"10 minutes\" \/>\n<script type=\"application\/ld+json\" class=\"yoast-schema-graph\">{\"@context\":\"https:\/\/schema.org\",\"@graph\":[{\"@type\":\"WebPage\",\"@id\":\"https:\/\/www.museoarcheologiconapoli.it\/en\/informativa-per-il-trattamento-dei-dati-personali\/\",\"url\":\"https:\/\/www.museoarcheologiconapoli.it\/en\/informativa-per-il-trattamento-dei-dati-personali\/\",\"name\":\"Informativa per il trattamento dei dati personali - mann napoli|museo archeologico di napoli\",\"isPartOf\":{\"@id\":\"https:\/\/www.museoarcheologiconapoli.it\/#website\"},\"datePublished\":\"2025-08-08T12:41:45+00:00\",\"dateModified\":\"2025-08-08T12:44:24+00:00\",\"breadcrumb\":{\"@id\":\"https:\/\/www.museoarcheologiconapoli.it\/en\/informativa-per-il-trattamento-dei-dati-personali\/#breadcrumb\"},\"inLanguage\":\"en-US\",\"potentialAction\":[{\"@type\":\"ReadAction\",\"target\":[\"https:\/\/www.museoarcheologiconapoli.it\/en\/informativa-per-il-trattamento-dei-dati-personali\/\"]}]},{\"@type\":\"BreadcrumbList\",\"@id\":\"https:\/\/www.museoarcheologiconapoli.it\/en\/informativa-per-il-trattamento-dei-dati-personali\/#breadcrumb\",\"itemListElement\":[{\"@type\":\"ListItem\",\"position\":1,\"name\":\"Home\",\"item\":\"https:\/\/www.museoarcheologiconapoli.it\/en\/\"},{\"@type\":\"ListItem\",\"position\":2,\"name\":\"Informativa per il trattamento dei dati personali\"}]},{\"@type\":\"WebSite\",\"@id\":\"https:\/\/www.museoarcheologiconapoli.it\/#website\",\"url\":\"https:\/\/www.museoarcheologiconapoli.it\/\",\"name\":\"mann napoli|museo archeologico di napoli\",\"description\":\"\",\"publisher\":{\"@id\":\"https:\/\/www.museoarcheologiconapoli.it\/#organization\"},\"potentialAction\":[{\"@type\":\"SearchAction\",\"target\":{\"@type\":\"EntryPoint\",\"urlTemplate\":\"https:\/\/www.museoarcheologiconapoli.it\/?s={search_term_string}\"},\"query-input\":{\"@type\":\"PropertyValueSpecification\",\"valueRequired\":true,\"valueName\":\"search_term_string\"}}],\"inLanguage\":\"en-US\"},{\"@type\":\"Organization\",\"@id\":\"https:\/\/www.museoarcheologiconapoli.it\/#organization\",\"name\":\"mann napoli|museo archeologico di napoli\",\"url\":\"https:\/\/www.museoarcheologiconapoli.it\/\",\"logo\":{\"@type\":\"ImageObject\",\"inLanguage\":\"en-US\",\"@id\":\"https:\/\/www.museoarcheologiconapoli.it\/#\/schema\/logo\/image\/\",\"url\":\"https:\/\/www.museoarcheologiconapoli.it\/mann\/uploads\/2025\/06\/logo-title-black.svg\",\"contentUrl\":\"https:\/\/www.museoarcheologiconapoli.it\/mann\/uploads\/2025\/06\/logo-title-black.svg\",\"width\":1,\"height\":1,\"caption\":\"mann napoli|museo archeologico di napoli\"},\"image\":{\"@id\":\"https:\/\/www.museoarcheologiconapoli.it\/#\/schema\/logo\/image\/\"},\"sameAs\":[\"https:\/\/www.facebook.com\/MANNapoli\",\"https:\/\/x.com\/mannapoli\",\"https:\/\/www.instagram.com\/museoarcheologiconapoli?igshid=yzwn4a82knl\",\"https:\/\/www.youtube.com\/@museoarcheologiconapoli\"]}]}<\/script>\n<!-- \/ Yoast SEO plugin. -->","yoast_head_json":{"title":"Informativa per il trattamento dei dati personali - mann napoli|museo archeologico di napoli","robots":{"index":"index","follow":"follow","max-snippet":"max-snippet:-1","max-image-preview":"max-image-preview:large","max-video-preview":"max-video-preview:-1"},"canonical":"https:\/\/www.museoarcheologiconapoli.it\/en\/informativa-per-il-trattamento-dei-dati-personali\/","og_locale":"en_US","og_type":"article","og_title":"Informativa per il trattamento dei dati personali - mann napoli|museo archeologico di napoli","og_description":"[vc_row][vc_column][vc_column_text css=&#8221;&#8221;]Privacy Policy In questa pagina vengono descritte le modalit\u00e0 di trattamento dei dati personali in merito alla consultazione del sito www.museoarcheologiconapoli.it. Il Museo Archeologico Nazionale di Napoli (di seguito \u201cMANN\u201d) informa gli Interessati che i dati personali raccolti tramite il sito web saranno trattati nel rispetto del Regolamento UE 2016\/679 (GDPR) e della normativa&hellip;","og_url":"https:\/\/www.museoarcheologiconapoli.it\/en\/informativa-per-il-trattamento-dei-dati-personali\/","og_site_name":"mann napoli|museo archeologico di napoli","article_publisher":"https:\/\/www.facebook.com\/MANNapoli","article_modified_time":"2025-08-08T12:44:24+00:00","twitter_card":"summary_large_image","twitter_site":"@mannapoli","twitter_misc":{"Est. reading time":"10 minutes"},"schema":{"@context":"https:\/\/schema.org","@graph":[{"@type":"WebPage","@id":"https:\/\/www.museoarcheologiconapoli.it\/en\/informativa-per-il-trattamento-dei-dati-personali\/","url":"https:\/\/www.museoarcheologiconapoli.it\/en\/informativa-per-il-trattamento-dei-dati-personali\/","name":"Informativa per il trattamento dei dati personali - mann napoli|museo archeologico di napoli","isPartOf":{"@id":"https:\/\/www.museoarcheologiconapoli.it\/#website"},"datePublished":"2025-08-08T12:41:45+00:00","dateModified":"2025-08-08T12:44:24+00:00","breadcrumb":{"@id":"https:\/\/www.museoarcheologiconapoli.it\/en\/informativa-per-il-trattamento-dei-dati-personali\/#breadcrumb"},"inLanguage":"en-US","potentialAction":[{"@type":"ReadAction","target":["https:\/\/www.museoarcheologiconapoli.it\/en\/informativa-per-il-trattamento-dei-dati-personali\/"]}]},{"@type":"BreadcrumbList","@id":"https:\/\/www.museoarcheologiconapoli.it\/en\/informativa-per-il-trattamento-dei-dati-personali\/#breadcrumb","itemListElement":[{"@type":"ListItem","position":1,"name":"Home","item":"https:\/\/www.museoarcheologiconapoli.it\/en\/"},{"@type":"ListItem","position":2,"name":"Informativa per il trattamento dei dati personali"}]},{"@type":"WebSite","@id":"https:\/\/www.museoarcheologiconapoli.it\/#website","url":"https:\/\/www.museoarcheologiconapoli.it\/","name":"mann napoli|museo archeologico di napoli","description":"","publisher":{"@id":"https:\/\/www.museoarcheologiconapoli.it\/#organization"},"potentialAction":[{"@type":"SearchAction","target":{"@type":"EntryPoint","urlTemplate":"https:\/\/www.museoarcheologiconapoli.it\/?s={search_term_string}"},"query-input":{"@type":"PropertyValueSpecification","valueRequired":true,"valueName":"search_term_string"}}],"inLanguage":"en-US"},{"@type":"Organization","@id":"https:\/\/www.museoarcheologiconapoli.it\/#organization","name":"mann napoli|museo archeologico di napoli","url":"https:\/\/www.museoarcheologiconapoli.it\/","logo":{"@type":"ImageObject","inLanguage":"en-US","@id":"https:\/\/www.museoarcheologiconapoli.it\/#\/schema\/logo\/image\/","url":"https:\/\/www.museoarcheologiconapoli.it\/mann\/uploads\/2025\/06\/logo-title-black.svg","contentUrl":"https:\/\/www.museoarcheologiconapoli.it\/mann\/uploads\/2025\/06\/logo-title-black.svg","width":1,"height":1,"caption":"mann napoli|museo archeologico di napoli"},"image":{"@id":"https:\/\/www.museoarcheologiconapoli.it\/#\/schema\/logo\/image\/"},"sameAs":["https:\/\/www.facebook.com\/MANNapoli","https:\/\/x.com\/mannapoli","https:\/\/www.instagram.com\/museoarcheologiconapoli?igshid=yzwn4a82knl","https:\/\/www.youtube.com\/@museoarcheologiconapoli"]}]}},"jetpack_sharing_enabled":true,"_links":{"self":[{"href":"https:\/\/www.museoarcheologiconapoli.it\/en\/wp-json\/wp\/v2\/pages\/8548","targetHints":{"allow":["GET"]}}],"collection":[{"href":"https:\/\/www.museoarcheologiconapoli.it\/en\/wp-json\/wp\/v2\/pages"}],"about":[{"href":"https:\/\/www.museoarcheologiconapoli.it\/en\/wp-json\/wp\/v2\/types\/page"}],"author":[{"embeddable":true,"href":"https:\/\/www.museoarcheologiconapoli.it\/en\/wp-json\/wp\/v2\/users\/1"}],"replies":[{"embeddable":true,"href":"https:\/\/www.museoarcheologiconapoli.it\/en\/wp-json\/wp\/v2\/comments?post=8548"}],"version-history":[{"count":2,"href":"https:\/\/www.museoarcheologiconapoli.it\/en\/wp-json\/wp\/v2\/pages\/8548\/revisions"}],"predecessor-version":[{"id":8602,"href":"https:\/\/www.museoarcheologiconapoli.it\/en\/wp-json\/wp\/v2\/pages\/8548\/revisions\/8602"}],"wp:attachment":[{"href":"https:\/\/www.museoarcheologiconapoli.it\/en\/wp-json\/wp\/v2\/media?parent=8548"}],"curies":[{"name":"wp","href":"https:\/\/api.w.org\/{rel}","templated":true}]}}