{"id":3118,"date":"2025-06-27T07:56:19","date_gmt":"2025-06-27T07:56:19","guid":{"rendered":"https:\/\/www.museoarcheologiconapoli.it\/support-us\/"},"modified":"2025-08-05T13:04:46","modified_gmt":"2025-08-05T13:04:46","slug":"support-us","status":"publish","type":"page","link":"https:\/\/www.museoarcheologiconapoli.it\/en\/support-us\/","title":{"rendered":"Support us"},"content":{"rendered":"<div class=\"wpb-content-wrapper\">[vc_row][vc_column width=&#8221;1\/4&#8243;]<style>.vcex-image.vcex_69d695a8e0674 .vcex-image-inner{max-width:200.167px;}.vcex-image.vcex_69d695a8e0674 .vcex-image-img{height:112.083px;}<\/style><figure class=\"vcex-image vcex-module vcex_69d695a8e0674\"><div class=\"vcex-image-inner wpex-relative wpex-inline-block\"><img width=\"922\" height=\"442\" src=\"https:\/\/www.museoarcheologiconapoli.it\/mann\/uploads\/2025\/06\/5x1000-mann.png\" class=\"vcex-image-img wpex-align-middle wpex-object-cover\" alt=\"\" loading=\"lazy\" decoding=\"async\" srcset=\"https:\/\/www.museoarcheologiconapoli.it\/mann\/uploads\/2025\/06\/5x1000-mann.png 922w, https:\/\/www.museoarcheologiconapoli.it\/mann\/uploads\/2025\/06\/5x1000-mann-300x144.png 300w, https:\/\/www.museoarcheologiconapoli.it\/mann\/uploads\/2025\/06\/5x1000-mann-768x368.png 768w\" sizes=\"auto, (max-width: 922px) 100vw, 922px\" \/><\/div><\/figure>[\/vc_column][vc_column width=&#8221;3\/4&#8243;]<div class=\"vcex-module vcex-divider vcex-divider-solid vcex-divider-left wpex-mr-auto wpex-max-w-100 wpex-block wpex-h-0 wpex-border-b wpex-border-solid wpex-border-main\" style=\"width:15%;border-bottom-width:3px;border-color:#000000;\"><\/div><div class=\"vcex-spacing wpex-w-100 wpex-clear\" style=\"height:10px;\"><\/div><div class=\"vcex-heading vcex-heading-plain vcex-module wpex-heading wpex-text-2xl\"><span class=\"vcex-heading-inner wpex-inline-block\">5x1000 al Mann<\/span><\/div><div class=\"vcex-spacing wpex-w-100 wpex-clear\" style=\"height:40px;\"><\/div>[vc_row_inner][vc_column_inner width=&#8221;2\/3&#8243;][vc_column_text css=&#8221;&#8221;]Sostenere il Museo Archeologico Nazionale di Napoli \u00e8 molto semplice: \u00e8 possibile destinare al MANN il 5&#215;1000, spuntando la sezione \u201cFinanziamento delle attivit\u00e0 di tutela, promozione e valorizzazione dei beni culturali e paesaggistici\u201d, che si trova nei modelli per la dichiarazione dei redditi CU, 730 e UNICO.<\/p>\n<p><strong>Indicare il codice fiscale del Museo: 95219200631<\/strong><\/p>\n[\/vc_column_text]<div class=\"vcex-spacing wpex-w-100 wpex-clear\" style=\"height:70px;\"><\/div>[\/vc_column_inner][\/vc_row_inner][\/vc_column][\/vc_row][vc_row disable_element=&#8221;yes&#8221;][vc_column width=&#8221;1\/4&#8243;]<style>.vcex-image.vcex_69d695a8e6404 .vcex-image-inner{max-width:200.167px;}.vcex-image.vcex_69d695a8e6404 .vcex-image-img{height:112.083px;}<\/style><figure class=\"vcex-image vcex-module vcex_69d695a8e6404\"><div class=\"vcex-image-inner wpex-relative wpex-inline-block\"><img width=\"1300\" height=\"500\" src=\"https:\/\/www.museoarcheologiconapoli.it\/mann\/uploads\/2025\/06\/fontanadelmann.png\" class=\"vcex-image-img wpex-align-middle wpex-object-cover\" alt=\"\" loading=\"lazy\" decoding=\"async\" srcset=\"https:\/\/www.museoarcheologiconapoli.it\/mann\/uploads\/2025\/06\/fontanadelmann.png 1300w, https:\/\/www.museoarcheologiconapoli.it\/mann\/uploads\/2025\/06\/fontanadelmann-300x115.png 300w, https:\/\/www.museoarcheologiconapoli.it\/mann\/uploads\/2025\/06\/fontanadelmann-1024x394.png 1024w, https:\/\/www.museoarcheologiconapoli.it\/mann\/uploads\/2025\/06\/fontanadelmann-768x295.png 768w\" sizes=\"auto, (max-width: 1300px) 100vw, 1300px\" \/><\/div><\/figure>[\/vc_column][vc_column width=&#8221;3\/4&#8243;]<div class=\"vcex-module vcex-divider vcex-divider-solid vcex-divider-left wpex-mr-auto wpex-max-w-100 wpex-block wpex-h-0 wpex-border-b wpex-border-solid wpex-border-main\" style=\"width:15%;border-bottom-width:3px;border-color:#000000;\"><\/div><div class=\"vcex-spacing wpex-w-100 wpex-clear\" style=\"height:10px;\"><\/div><div class=\"vcex-heading vcex-heading-plain vcex-module wpex-heading wpex-text-2xl\"><span class=\"vcex-heading-inner wpex-inline-block\">Artbonus \u2014 Le Fontane del Mann<\/span><\/div><div class=\"vcex-spacing wpex-w-100 wpex-clear\" style=\"height:40px;\"><\/div>[vc_row_inner][vc_column_inner width=&#8221;2\/3&#8243;][vc_column_text css=&#8221;&#8221;]L&#8217;intervento mira a &#8220;ridare vita&#8221; alle fontane del Museo Archeologico Nazionale di Napoli-MANN. Nel 2016, a seguito del restyling dei giardini, si \u00e8 consolidato il progetto di recuperare e rimettere in funzione le fontane cos\u00ec che il suono dell&#8217;acqua possa accompagnare il percorso dei visitatori.<\/p>\n<p>lavori si concentreranno sulle fontane dei nostri Giardini, adottando un criterio di intervento che contempli, tra le diverse attivit\u00e0: a) pulitura dei monumenti, dei bacini e delle tubazioni; b) eventuale sostituzione delle tubazioni; c) collegamento di tubazioni ed ugelli per il passaggio dell&#8217;acqua; d) impermeabilizzazione delle fessure; e) verniciatura della vasca seminterrata con pittura ad acqua; f) creazione di un sistema di riciclo dell&#8217;acqua; g) fissaggio delle componenti archeologiche della fontana le une con le altre.<\/p>\n<p>Interessante sottolineare che le fontane sono state tutte realizzate con componenti provenienti da reperti archeologici dalle citt\u00e0 vesuviane; tali componenti sono state riadattate grazie alla commistione con materiali moderni: il restauro e la riattivazione, dunque, presentano un profondo valore storico, simbolico e culturale.<\/p>\n<p>Presupposto dell&#8217;intervento \u00e8 la valorizzazione dei Giardini storici de[\/vc_column_text]<div class=\"vcex-spacing wpex-w-100 wpex-clear\" style=\"height:70px;\"><\/div>[\/vc_column_inner][vc_column_inner width=&#8221;1\/3&#8243;]<div class=\"vcex-module vcex-divider vcex-divider-solid vcex-divider-left wpex-mr-auto wpex-max-w-100 wpex-block wpex-h-0 wpex-border-b wpex-border-solid wpex-border-main\" style=\"width:5%;border-bottom-width:1px;border-color:#000000cc;\"><\/div><div class=\"vcex-spacing wpex-w-100 wpex-clear\" style=\"height:20px;\"><\/div>[vc_column_text css=&#8221;&#8221;]<strong>Lavori in corso<\/strong><br \/>\nImporto<br \/>\n71.000,00 \u20ac[\/vc_column_text]<div class=\"vcex-spacing wpex-w-100 wpex-clear\" style=\"height:70px;\"><\/div><style>.vcex-multi-buttons.vcex_69d695a8f2c73 .theme-button,.vcex-multi-buttons.vcex_69d695a8f2c73 .theme-txt-link{border-radius:0px;}<\/style><div class=\"vcex-multi-buttons wpex-flex wpex-flex-wrap wpex-items-center wpex-gap-10 wpex-justify-start wpex-mb-5 vcex_69d695a8f2c73\"><a href=\"https:\/\/artbonus.gov.it\/117-24-museo-archeologico-nazionale-di-napoli.html\" title=\"Pubblicazioni\" class=\"theme-button flat black outline-transparent wpex-text-center vcex-count-1\" target=\"_blank\" rel=\"noopener noreferrer\">sostienici <span  style=\"font-size:;\" class=\"wpex-icon\" aria-hidden=\"true\"><svg xmlns=\"http:\/\/www.w3.org\/2000\/svg\" viewBox=\"0 0 384 512\"><path d=\"M169.4 470.6c12.5 12.5 32.8 12.5 45.3 0l160-160c12.5-12.5 12.5-32.8 0-45.3s-32.8-12.5-45.3 0L224 370.8 224 64c0-17.7-14.3-32-32-32s-32 14.3-32 32l0 306.7L54.6 265.4c-12.5-12.5-32.8-12.5-45.3 0s-12.5 32.8 0 45.3l160 160z\"\/><\/svg><\/span>\u00a0<\/a><\/div>[\/vc_column_inner][\/vc_row_inner][\/vc_column][\/vc_row][vc_row disable_element=&#8221;yes&#8221;][vc_column width=&#8221;1\/4&#8243;]<style>.vcex-image.vcex_69d695a8f3297 .vcex-image-inner{max-width:200.167px;}.vcex-image.vcex_69d695a8f3297 .vcex-image-img{height:112.083px;}<\/style><figure class=\"vcex-image vcex-module vcex_69d695a8f3297\"><div class=\"vcex-image-inner wpex-relative wpex-inline-block\"><img width=\"1280\" height=\"453\" src=\"https:\/\/www.museoarcheologiconapoli.it\/mann\/uploads\/2025\/06\/logo_mann-for-kids.png\" class=\"vcex-image-img wpex-align-middle wpex-object-cover\" alt=\"\" loading=\"lazy\" decoding=\"async\" srcset=\"https:\/\/www.museoarcheologiconapoli.it\/mann\/uploads\/2025\/06\/logo_mann-for-kids.png 1280w, https:\/\/www.museoarcheologiconapoli.it\/mann\/uploads\/2025\/06\/logo_mann-for-kids-300x106.png 300w, https:\/\/www.museoarcheologiconapoli.it\/mann\/uploads\/2025\/06\/logo_mann-for-kids-1024x362.png 1024w, https:\/\/www.museoarcheologiconapoli.it\/mann\/uploads\/2025\/06\/logo_mann-for-kids-768x272.png 768w\" sizes=\"auto, (max-width: 1280px) 100vw, 1280px\" \/><\/div><\/figure>[\/vc_column][vc_column width=&#8221;3\/4&#8243;]<div class=\"vcex-module vcex-divider vcex-divider-solid vcex-divider-left wpex-mr-auto wpex-max-w-100 wpex-block wpex-h-0 wpex-border-b wpex-border-solid wpex-border-main\" style=\"width:15%;border-bottom-width:3px;border-color:#000000;\"><\/div><div class=\"vcex-spacing wpex-w-100 wpex-clear\" style=\"height:10px;\"><\/div><div class=\"vcex-heading vcex-heading-plain vcex-module wpex-heading wpex-text-2xl\"><span class=\"vcex-heading-inner wpex-inline-block\">Artbonus \u2014 Mann for Kids<\/span><\/div><div class=\"vcex-spacing wpex-w-100 wpex-clear\" style=\"height:40px;\"><\/div>[vc_row_inner][vc_column_inner width=&#8221;2\/3&#8243;][vc_column_text css=&#8221;&#8221;]MANNforKIDS \u00e8 un laboratorio innovativo di didattica museale rivolto ai bambini del territorio, italiani e stranieri, e ai giovani e giovanissimi visitatori italiani e internazionali del Museo. Il nuovo laboratorio didattico MANNforKIDS \u00e8 l&#8217;esito di un percorso ventennale d&#8217;impegno del Museo per l&#8217;educazione dei giovani, compiuto attraverso la realizzazione di progetti d&#8217;inclusione interculturale, archeologia sperimentale, tirocinio E progetti specifici con pubblici c.d speciali (es: non vedenti ed ipovedenti, e non udenti). Il nuovo laboratorio s&#8217;inserisce nel quadro delle linee guida del Piano Strategico del MANN, che intende arricchire e modernizzare la sua offerta educativa e affermare il ruolo del Museo come punto cardinale della educazione dei giovani del territorio. Attraverso il laboratorio MANNforKIDS s&#8217;intende rinsaldare il rapporto tra il Museo e la comunit\u00e0 locale, attraverso il coinvolgimento dei piccoli del territorio, valorizzando storia ed identit\u00e0 della citt\u00e0; offrire alle famiglie, alle scuole ed ai ragazzi un punto di socializzazione e di apprendimento attraverso metodi di ludo-didattica e di educazione interculturale attraverso la sperimentazione degli audiovisivi e dei giochi interattivi; allineare i servizi del Museo agli standard qualitativi dei musei internazionali fornendo ai piccoli e giovani turisti un\u2019offerta culturale che affianchi quelle tradizionali.[\/vc_column_text]<div class=\"vcex-spacing wpex-w-100 wpex-clear\" style=\"height:70px;\"><\/div>[\/vc_column_inner][vc_column_inner width=&#8221;1\/3&#8243;]<div class=\"vcex-module vcex-divider vcex-divider-solid vcex-divider-left wpex-mr-auto wpex-max-w-100 wpex-block wpex-h-0 wpex-border-b wpex-border-solid wpex-border-main\" style=\"width:5%;border-bottom-width:1px;border-color:#000000cc;\"><\/div><div class=\"vcex-spacing wpex-w-100 wpex-clear\" style=\"height:20px;\"><\/div>[vc_column_text css=&#8221;&#8221;]<strong>Fine lavori<\/strong><br \/>\nErogazioni ricevute<br \/>\n4.150,00 \u20ac[\/vc_column_text]<div class=\"vcex-spacing wpex-w-100 wpex-clear\" style=\"height:70px;\"><\/div><style>.vcex-multi-buttons.vcex_69d695a90b949 .theme-button,.vcex-multi-buttons.vcex_69d695a90b949 .theme-txt-link{border-radius:0px;}<\/style><div class=\"vcex-multi-buttons wpex-flex wpex-flex-wrap wpex-items-center wpex-gap-10 wpex-justify-start wpex-mb-5 vcex_69d695a90b949\"><a href=\"https:\/\/artbonus.gov.it\/117-24-museo-archeologico-nazionale-di-napoli.html#stato-intervento-2112\" title=\"Pubblicazioni\" class=\"theme-button flat black outline-transparent wpex-text-center vcex-count-1\" target=\"_blank\" rel=\"noopener noreferrer\">sostienici <span  style=\"font-size:;\" class=\"wpex-icon\" aria-hidden=\"true\"><svg xmlns=\"http:\/\/www.w3.org\/2000\/svg\" viewBox=\"0 0 384 512\"><path d=\"M169.4 470.6c12.5 12.5 32.8 12.5 45.3 0l160-160c12.5-12.5 12.5-32.8 0-45.3s-32.8-12.5-45.3 0L224 370.8 224 64c0-17.7-14.3-32-32-32s-32 14.3-32 32l0 306.7L54.6 265.4c-12.5-12.5-32.8-12.5-45.3 0s-12.5 32.8 0 45.3l160 160z\"\/><\/svg><\/span>\u00a0<\/a><\/div>[\/vc_column_inner][\/vc_row_inner][\/vc_column][\/vc_row]\n<\/div>","protected":false},"excerpt":{"rendered":"<p>[vc_row][vc_column width=&#8221;1\/4&#8243;][\/vc_column][vc_column width=&#8221;3\/4&#8243;][vc_row_inner][vc_column_inner width=&#8221;2\/3&#8243;][vc_column_text css=&#8221;&#8221;]Sostenere il Museo Archeologico Nazionale di Napoli \u00e8 molto semplice: \u00e8 possibile destinare al MANN il 5&#215;1000, spuntando la sezione \u201cFinanziamento delle attivit\u00e0 di tutela, promozione e valorizzazione dei beni culturali e paesaggistici\u201d, che si trova nei modelli per la dichiarazione dei redditi CU, 730 e UNICO. Indicare il codice fiscale&hellip;<\/p>\n","protected":false},"author":1,"featured_media":0,"parent":0,"menu_order":0,"comment_status":"closed","ping_status":"closed","template":"","meta":{"_acf_changed":false,"footnotes":""},"class_list":["post-3118","page","type-page","status-publish","hentry","entry","no-media"],"acf":[],"yoast_head":"<!-- This site is optimized with the Yoast SEO plugin v25.5 - https:\/\/yoast.com\/wordpress\/plugins\/seo\/ -->\n<title>Support us - mann napoli|museo archeologico di napoli<\/title>\n<meta name=\"robots\" content=\"index, follow, max-snippet:-1, max-image-preview:large, max-video-preview:-1\" \/>\n<link rel=\"canonical\" href=\"https:\/\/www.museoarcheologiconapoli.it\/en\/support-us\/\" \/>\n<meta property=\"og:locale\" content=\"en_US\" \/>\n<meta property=\"og:type\" content=\"article\" \/>\n<meta property=\"og:title\" content=\"Support us - mann napoli|museo archeologico di napoli\" \/>\n<meta property=\"og:description\" content=\"[vc_row][vc_column width=&#8221;1\/4&#8243;][\/vc_column][vc_column width=&#8221;3\/4&#8243;][vc_row_inner][vc_column_inner width=&#8221;2\/3&#8243;][vc_column_text css=&#8221;&#8221;]Sostenere il Museo Archeologico Nazionale di Napoli \u00e8 molto semplice: \u00e8 possibile destinare al MANN il 5&#215;1000, spuntando la sezione \u201cFinanziamento delle attivit\u00e0 di tutela, promozione e valorizzazione dei beni culturali e paesaggistici\u201d, che si trova nei modelli per la dichiarazione dei redditi CU, 730 e UNICO. Indicare il codice fiscale&hellip;\" \/>\n<meta property=\"og:url\" content=\"https:\/\/www.museoarcheologiconapoli.it\/en\/support-us\/\" \/>\n<meta property=\"og:site_name\" content=\"mann napoli|museo archeologico di napoli\" \/>\n<meta property=\"article:publisher\" content=\"https:\/\/www.facebook.com\/MANNapoli\" \/>\n<meta property=\"article:modified_time\" content=\"2025-08-05T13:04:46+00:00\" \/>\n<meta name=\"twitter:card\" content=\"summary_large_image\" \/>\n<meta name=\"twitter:site\" content=\"@mannapoli\" \/>\n<meta name=\"twitter:label1\" content=\"Est. reading time\" \/>\n\t<meta name=\"twitter:data1\" content=\"4 minutes\" \/>\n<script type=\"application\/ld+json\" class=\"yoast-schema-graph\">{\"@context\":\"https:\/\/schema.org\",\"@graph\":[{\"@type\":\"WebPage\",\"@id\":\"https:\/\/www.museoarcheologiconapoli.it\/en\/support-us\/\",\"url\":\"https:\/\/www.museoarcheologiconapoli.it\/en\/support-us\/\",\"name\":\"Support us - mann napoli|museo archeologico di napoli\",\"isPartOf\":{\"@id\":\"https:\/\/www.museoarcheologiconapoli.it\/#website\"},\"datePublished\":\"2025-06-27T07:56:19+00:00\",\"dateModified\":\"2025-08-05T13:04:46+00:00\",\"breadcrumb\":{\"@id\":\"https:\/\/www.museoarcheologiconapoli.it\/en\/support-us\/#breadcrumb\"},\"inLanguage\":\"en-US\",\"potentialAction\":[{\"@type\":\"ReadAction\",\"target\":[\"https:\/\/www.museoarcheologiconapoli.it\/en\/support-us\/\"]}]},{\"@type\":\"BreadcrumbList\",\"@id\":\"https:\/\/www.museoarcheologiconapoli.it\/en\/support-us\/#breadcrumb\",\"itemListElement\":[{\"@type\":\"ListItem\",\"position\":1,\"name\":\"Home\",\"item\":\"https:\/\/www.museoarcheologiconapoli.it\/en\/\"},{\"@type\":\"ListItem\",\"position\":2,\"name\":\"Support us\"}]},{\"@type\":\"WebSite\",\"@id\":\"https:\/\/www.museoarcheologiconapoli.it\/#website\",\"url\":\"https:\/\/www.museoarcheologiconapoli.it\/\",\"name\":\"mann napoli|museo archeologico di napoli\",\"description\":\"\",\"publisher\":{\"@id\":\"https:\/\/www.museoarcheologiconapoli.it\/#organization\"},\"potentialAction\":[{\"@type\":\"SearchAction\",\"target\":{\"@type\":\"EntryPoint\",\"urlTemplate\":\"https:\/\/www.museoarcheologiconapoli.it\/?s={search_term_string}\"},\"query-input\":{\"@type\":\"PropertyValueSpecification\",\"valueRequired\":true,\"valueName\":\"search_term_string\"}}],\"inLanguage\":\"en-US\"},{\"@type\":\"Organization\",\"@id\":\"https:\/\/www.museoarcheologiconapoli.it\/#organization\",\"name\":\"mann napoli|museo archeologico di napoli\",\"url\":\"https:\/\/www.museoarcheologiconapoli.it\/\",\"logo\":{\"@type\":\"ImageObject\",\"inLanguage\":\"en-US\",\"@id\":\"https:\/\/www.museoarcheologiconapoli.it\/#\/schema\/logo\/image\/\",\"url\":\"https:\/\/www.museoarcheologiconapoli.it\/mann\/uploads\/2025\/06\/logo-title-black.svg\",\"contentUrl\":\"https:\/\/www.museoarcheologiconapoli.it\/mann\/uploads\/2025\/06\/logo-title-black.svg\",\"width\":1,\"height\":1,\"caption\":\"mann napoli|museo archeologico di napoli\"},\"image\":{\"@id\":\"https:\/\/www.museoarcheologiconapoli.it\/#\/schema\/logo\/image\/\"},\"sameAs\":[\"https:\/\/www.facebook.com\/MANNapoli\",\"https:\/\/x.com\/mannapoli\",\"https:\/\/www.instagram.com\/museoarcheologiconapoli?igshid=yzwn4a82knl\",\"https:\/\/www.youtube.com\/@museoarcheologiconapoli\"]}]}<\/script>\n<!-- \/ Yoast SEO plugin. -->","yoast_head_json":{"title":"Support us - mann napoli|museo archeologico di napoli","robots":{"index":"index","follow":"follow","max-snippet":"max-snippet:-1","max-image-preview":"max-image-preview:large","max-video-preview":"max-video-preview:-1"},"canonical":"https:\/\/www.museoarcheologiconapoli.it\/en\/support-us\/","og_locale":"en_US","og_type":"article","og_title":"Support us - mann napoli|museo archeologico di napoli","og_description":"[vc_row][vc_column width=&#8221;1\/4&#8243;][\/vc_column][vc_column width=&#8221;3\/4&#8243;][vc_row_inner][vc_column_inner width=&#8221;2\/3&#8243;][vc_column_text css=&#8221;&#8221;]Sostenere il Museo Archeologico Nazionale di Napoli \u00e8 molto semplice: \u00e8 possibile destinare al MANN il 5&#215;1000, spuntando la sezione \u201cFinanziamento delle attivit\u00e0 di tutela, promozione e valorizzazione dei beni culturali e paesaggistici\u201d, che si trova nei modelli per la dichiarazione dei redditi CU, 730 e UNICO. Indicare il codice fiscale&hellip;","og_url":"https:\/\/www.museoarcheologiconapoli.it\/en\/support-us\/","og_site_name":"mann napoli|museo archeologico di napoli","article_publisher":"https:\/\/www.facebook.com\/MANNapoli","article_modified_time":"2025-08-05T13:04:46+00:00","twitter_card":"summary_large_image","twitter_site":"@mannapoli","twitter_misc":{"Est. reading time":"4 minutes"},"schema":{"@context":"https:\/\/schema.org","@graph":[{"@type":"WebPage","@id":"https:\/\/www.museoarcheologiconapoli.it\/en\/support-us\/","url":"https:\/\/www.museoarcheologiconapoli.it\/en\/support-us\/","name":"Support us - mann napoli|museo archeologico di napoli","isPartOf":{"@id":"https:\/\/www.museoarcheologiconapoli.it\/#website"},"datePublished":"2025-06-27T07:56:19+00:00","dateModified":"2025-08-05T13:04:46+00:00","breadcrumb":{"@id":"https:\/\/www.museoarcheologiconapoli.it\/en\/support-us\/#breadcrumb"},"inLanguage":"en-US","potentialAction":[{"@type":"ReadAction","target":["https:\/\/www.museoarcheologiconapoli.it\/en\/support-us\/"]}]},{"@type":"BreadcrumbList","@id":"https:\/\/www.museoarcheologiconapoli.it\/en\/support-us\/#breadcrumb","itemListElement":[{"@type":"ListItem","position":1,"name":"Home","item":"https:\/\/www.museoarcheologiconapoli.it\/en\/"},{"@type":"ListItem","position":2,"name":"Support us"}]},{"@type":"WebSite","@id":"https:\/\/www.museoarcheologiconapoli.it\/#website","url":"https:\/\/www.museoarcheologiconapoli.it\/","name":"mann napoli|museo archeologico di napoli","description":"","publisher":{"@id":"https:\/\/www.museoarcheologiconapoli.it\/#organization"},"potentialAction":[{"@type":"SearchAction","target":{"@type":"EntryPoint","urlTemplate":"https:\/\/www.museoarcheologiconapoli.it\/?s={search_term_string}"},"query-input":{"@type":"PropertyValueSpecification","valueRequired":true,"valueName":"search_term_string"}}],"inLanguage":"en-US"},{"@type":"Organization","@id":"https:\/\/www.museoarcheologiconapoli.it\/#organization","name":"mann napoli|museo archeologico di napoli","url":"https:\/\/www.museoarcheologiconapoli.it\/","logo":{"@type":"ImageObject","inLanguage":"en-US","@id":"https:\/\/www.museoarcheologiconapoli.it\/#\/schema\/logo\/image\/","url":"https:\/\/www.museoarcheologiconapoli.it\/mann\/uploads\/2025\/06\/logo-title-black.svg","contentUrl":"https:\/\/www.museoarcheologiconapoli.it\/mann\/uploads\/2025\/06\/logo-title-black.svg","width":1,"height":1,"caption":"mann napoli|museo archeologico di napoli"},"image":{"@id":"https:\/\/www.museoarcheologiconapoli.it\/#\/schema\/logo\/image\/"},"sameAs":["https:\/\/www.facebook.com\/MANNapoli","https:\/\/x.com\/mannapoli","https:\/\/www.instagram.com\/museoarcheologiconapoli?igshid=yzwn4a82knl","https:\/\/www.youtube.com\/@museoarcheologiconapoli"]}]}},"jetpack_sharing_enabled":true,"_links":{"self":[{"href":"https:\/\/www.museoarcheologiconapoli.it\/en\/wp-json\/wp\/v2\/pages\/3118","targetHints":{"allow":["GET"]}}],"collection":[{"href":"https:\/\/www.museoarcheologiconapoli.it\/en\/wp-json\/wp\/v2\/pages"}],"about":[{"href":"https:\/\/www.museoarcheologiconapoli.it\/en\/wp-json\/wp\/v2\/types\/page"}],"author":[{"embeddable":true,"href":"https:\/\/www.museoarcheologiconapoli.it\/en\/wp-json\/wp\/v2\/users\/1"}],"replies":[{"embeddable":true,"href":"https:\/\/www.museoarcheologiconapoli.it\/en\/wp-json\/wp\/v2\/comments?post=3118"}],"version-history":[{"count":3,"href":"https:\/\/www.museoarcheologiconapoli.it\/en\/wp-json\/wp\/v2\/pages\/3118\/revisions"}],"predecessor-version":[{"id":5911,"href":"https:\/\/www.museoarcheologiconapoli.it\/en\/wp-json\/wp\/v2\/pages\/3118\/revisions\/5911"}],"wp:attachment":[{"href":"https:\/\/www.museoarcheologiconapoli.it\/en\/wp-json\/wp\/v2\/media?parent=3118"}],"curies":[{"name":"wp","href":"https:\/\/api.w.org\/{rel}","templated":true}]}}