{"id":3068,"date":"2025-07-02T09:59:30","date_gmt":"2025-07-02T09:59:30","guid":{"rendered":"https:\/\/www.museoarcheologiconapoli.it\/privacy-policy-app-mann-in-bike\/"},"modified":"2025-07-16T09:40:39","modified_gmt":"2025-07-16T09:40:39","slug":"privacy-policy-app-mann-in-bike","status":"publish","type":"page","link":"https:\/\/www.museoarcheologiconapoli.it\/en\/privacy-policy-app-mann-in-bike\/","title":{"rendered":"Privacy Policy App MANN in Bike"},"content":{"rendered":"<div class=\"wpb-content-wrapper\">[vc_row][vc_column][vc_column_text css=&#8221;&#8221;]<strong>INFORMATIVAAI SENSI DELL\u2019ART. 13 DEL REGOLAMENTO GENERALE PER LA PROTEZIONE DEI DATI PERSONALI UE 2016\/679 (GDPR) <\/strong><\/p>\n<p>Il presente documento, &#8220;Privacy Policy App MANN in Bike\u201d (di seguito Policy), \u00e8 stato predisposto al fine di permetterLe di conoscere la nostra politica sulla Privacy, per capire come le sue informazioni personali vengono gestite quando utilizza l\u2019applicazione \u201cMANN in Bike&#8221; (di seguito, anche &#8220;App&#8221;) e, se del caso, di prestare un consenso al trattamento dei Suoi dati personali espresso e consapevole.<\/p>\n<p>Le informazioni ed i dati da Lei forniti od altrimenti acquisiti nell&#8217;ambito dell\u2019utilizzo dell\u2019applicazione, saranno oggetto di trattamento nel rispetto delle disposizioni del GDPR e degli obblighi di riservatezza che ispirano l&#8217;attivit\u00e0 della Azienda.<\/p>\n<p>L\u2019applicazione \u201cMANN in Bike&#8221;, creata e sviluppata da SPICI S.R.L. e HACK THE DUCK S.R.L.<br \/>\nsu commissione del MANN &#8211; Museo Archeologico Nazionale di Napoli, per il progetto<br \/>\n\u201cGREENBike\u201d<\/p>\n<p><strong>Titolare del Trattamento<\/strong><\/p>\n<p>Il Titolare dei trattamenti svolti attraverso l\u2019applicazione \u00e8 MANN &#8211; Museo Archeologico Nazionale<br \/>\ndi Napoli.<\/p>\n<p>Installando questa applicazione, il Cliente acconsente alla raccolta e al trattamento dei dati di<br \/>\nseguito indicati.<\/p>\n<p><strong>Raccolta dei dati personali e trasmissione dei dati<\/strong><\/p>\n<p>I servizi forniti dall\u2019App, nonch\u00e9 le caratteristiche e le funzioni della stessa, richiedono l\u2019uso della posizione GPS dell\u2019utente nei limiti di tempo richiesti all\u2019utilizzo dell\u2019app stessa.<\/p>\n<p>Segnaliamo inoltre che i sistemi informatici e le procedure software preposte al funzionamento della App (come ad esempio Apple Store, Google Play) acquisiscono, nel corso del loro normale esercizio, alcuni dati comunque riferibili all\u2019Utente la cui trasmissione \u00e8 implicita nell&#8217;uso dei protocolli di comunicazione internet, degli smartphone e dei dispositivi utilizzati. In questa categoria di dati rientrano, a titolo esemplificativo ma non esaustivo, posizione geografica, l\u2019identit\u00e0 del telefono, l\u2019utilizzo della fotocamera, i contatti del Cliente, e-mail, i dati relativi alla carta di credito. <\/p>\n<p>Per maggiori informazioni l\u2019Interessato potr\u00e0 visitare le seguenti pagine internet: https:\/\/www.apple.com\/it\/privacy\/ https:\/\/www.google.com\/intl\/it_it\/policies\/privacy\/<\/p>\n<p><strong>Modalit\u00e0 e luogo del trattamento dei Dati raccolti<\/strong><\/p>\n<p>Il Titolare tratta i Dati Personali dei Clienti adottando le opportune misure di sicurezza volte a impedire l\u2019accesso, la divulgazione, la modifica o la distruzione non autorizzate dei Dati Personali. Il trattamento viene effettuato mediante strumenti informatici e\/o telematici, con modalit\u00e0 organizzative e con logiche strettamente correlate alle finalit\u00e0 indicate. <\/p>\n<p>Oltre al Titolare, in alcuni casi, potrebbero avere accesso ai Dati categorie di incaricati coinvolti nell\u2019organizzazione del sito (personale amministrativo, commerciale, marketing, legali, amministratori di sistema) ovvero soggetti esterni (hosting provider, privati cittadini) nominati anche, se necessario, Responsabili del Trattamento da parte del Titolare.<br \/>\nPer qualunque informazione inerente al trattamento dei dati personali da parte della Azienda, tra cui l\u2019elenco dei Responsabili del Trattamento, pu\u00f2 scrivere al seguente indirizzo: <u><a href=\"mailto:manna@cultura.gov.it\">manna@cultura.gov.it<\/a><\/u>; <u><a href=\"mailto:luigi.dicaprio@cultura.gov.it\">luigi.dicaprio@cultura.gov.it<\/a><\/u>;<\/p>\n<p><strong>Luogo<\/strong><\/p>\n<p>I Dati sono trattati presso le sedi operative del Titolare ed in ogni altro luogo in cui le parti coinvolte nel trattamento siano localizzate, ivi compreso i luoghi in cui sono situati i server utilizzati.<\/p>\n<p><strong>Tempi<\/strong><\/p>\n<p>I Dati sono trattati per il tempo necessario allo svolgimento del servizio richiesto dall\u2019Utente, o<br \/>\nrichiesto dalle finalit\u00e0 descritte in questo documento, e il Cliente pu\u00f2 sempre chiedere l\u2019interruzione<br \/>\ndel Trattamento.<\/p>\n<p><strong>Cookie<\/strong><\/p>\n<p>Segnaliamo che l\u2019App non utilizza in alcun modo cookie e nemmeno cookie di profilazione, vale a dire cookie volti a creare profili relativi all\u2019Utente, generalmente utilizzati al fine di inviare messaggi pubblicitari in linea con le preferenze manifestate dall\u2019Utente nell\u2019ambito della navigazione in rete.<\/p>\n<p><strong>Siti Web di terzi<\/strong><\/p>\n<p>Qualora l\u2019Azienda dovesse fornire attraverso l\u2019utilizzo della App link a siti esterni, si segnala sin d\u2019ora che l\u2019Azienda non pu\u00f2 esercitare alcun controllo sul contenuto di tali link. Si consiglia pertanto di leggere attentamente le relative politiche sulla privacy ed i termini d&#8217;uso di tali siti, prima di fornire i propri dati personali. <\/p>\n<p><strong>Diritti degli Utenti<\/strong><\/p>\n<p>Ai sensi degli articoli 15 e seguenti del GDPR, ha il diritto di chiedere alla Azienda, in qualunque momento, l&#8217;accesso ai tuoi Dati Personali, la rettifica o la cancellazione degli stessi o di opporti al loro trattamento, ha diritto di richiedere la limitazione del trattamento nei casi previsti dall&#8217;art. 18 del GDPR, nonch\u00e9 di ottenere in un formato strutturato, di uso comune e leggibile da dispositivo automatico i dati che la riguardano, nei casi previsti dall&#8217;art. 20 del GDPR.  <\/p>\n<p>Le richieste vanno rivolte per iscritto alla Azienda all\u2019 indirizzo email <u><a href=\"mailto:manna@cultura.gov.it\">manna@cultura.gov.it<\/a><\/u>; <u><a href=\"mailto:luigi.dicaprio@cultura.gov.it\">luigi.dicaprio@cultura.gov.it<\/a><\/u>;<\/p>\n<p>In ogni caso ha sempre il diritto di presentare un reclamo all&#8217;Autorit\u00e0 Garante per la Protezione dei<br \/>\nDati Personali, ai sensi dell&#8217;art. 77 del GDPR, se ritiene che il trattamento dei Suoi dati sia contrario<br \/>\nalla normativa in vigore. <\/p>\n<p><strong>Aggiornamenti dell\u2019Informativa<\/strong><\/p>\n<p>Si informa che la presente Informativa, resa ai sensi dell\u2019art. 13 del GDPR e in vigore dal 12\/02\/2022, sar\u00e0 soggetta ad aggiornamenti periodici di cui verr\u00e0 data evidenza con modalit\u00e0 idonee a rendere edotti gli Interessati. [\/vc_column_text][\/vc_column][\/vc_row]\n<\/div>","protected":false},"excerpt":{"rendered":"<p>[vc_row][vc_column][vc_column_text css=&#8221;&#8221;]INFORMATIVAAI SENSI DELL\u2019ART. 13 DEL REGOLAMENTO GENERALE PER LA PROTEZIONE DEI DATI PERSONALI UE 2016\/679 (GDPR) Il presente documento, &#8220;Privacy Policy App MANN in Bike\u201d (di seguito Policy), \u00e8 stato predisposto al fine di permetterLe di conoscere la nostra politica sulla Privacy, per capire come le sue informazioni personali vengono gestite quando utilizza l\u2019applicazione&hellip;<\/p>\n","protected":false},"author":1,"featured_media":0,"parent":0,"menu_order":0,"comment_status":"closed","ping_status":"closed","template":"","meta":{"_acf_changed":false,"footnotes":""},"class_list":["post-3068","page","type-page","status-publish","hentry","entry","no-media"],"acf":[],"yoast_head":"<!-- This site is optimized with the Yoast SEO plugin v25.5 - https:\/\/yoast.com\/wordpress\/plugins\/seo\/ -->\n<title>Privacy Policy App MANN in Bike - mann napoli|museo archeologico di napoli<\/title>\n<meta name=\"robots\" content=\"index, follow, max-snippet:-1, max-image-preview:large, max-video-preview:-1\" \/>\n<link rel=\"canonical\" href=\"https:\/\/www.museoarcheologiconapoli.it\/en\/privacy-policy-app-mann-in-bike\/\" \/>\n<meta property=\"og:locale\" content=\"en_US\" \/>\n<meta property=\"og:type\" content=\"article\" \/>\n<meta property=\"og:title\" content=\"Privacy Policy App MANN in Bike - mann napoli|museo archeologico di napoli\" \/>\n<meta property=\"og:description\" content=\"[vc_row][vc_column][vc_column_text css=&#8221;&#8221;]INFORMATIVAAI SENSI DELL\u2019ART. 13 DEL REGOLAMENTO GENERALE PER LA PROTEZIONE DEI DATI PERSONALI UE 2016\/679 (GDPR) Il presente documento, &#8220;Privacy Policy App MANN in Bike\u201d (di seguito Policy), \u00e8 stato predisposto al fine di permetterLe di conoscere la nostra politica sulla Privacy, per capire come le sue informazioni personali vengono gestite quando utilizza l\u2019applicazione&hellip;\" \/>\n<meta property=\"og:url\" content=\"https:\/\/www.museoarcheologiconapoli.it\/en\/privacy-policy-app-mann-in-bike\/\" \/>\n<meta property=\"og:site_name\" content=\"mann napoli|museo archeologico di napoli\" \/>\n<meta property=\"article:publisher\" content=\"https:\/\/www.facebook.com\/MANNapoli\" \/>\n<meta property=\"article:modified_time\" content=\"2025-07-16T09:40:39+00:00\" \/>\n<meta name=\"twitter:card\" content=\"summary_large_image\" \/>\n<meta name=\"twitter:site\" content=\"@mannapoli\" \/>\n<meta name=\"twitter:label1\" content=\"Est. reading time\" \/>\n\t<meta name=\"twitter:data1\" content=\"4 minutes\" \/>\n<script type=\"application\/ld+json\" class=\"yoast-schema-graph\">{\"@context\":\"https:\/\/schema.org\",\"@graph\":[{\"@type\":\"WebPage\",\"@id\":\"https:\/\/www.museoarcheologiconapoli.it\/en\/privacy-policy-app-mann-in-bike\/\",\"url\":\"https:\/\/www.museoarcheologiconapoli.it\/en\/privacy-policy-app-mann-in-bike\/\",\"name\":\"Privacy Policy App MANN in Bike - mann napoli|museo archeologico di napoli\",\"isPartOf\":{\"@id\":\"https:\/\/www.museoarcheologiconapoli.it\/#website\"},\"datePublished\":\"2025-07-02T09:59:30+00:00\",\"dateModified\":\"2025-07-16T09:40:39+00:00\",\"breadcrumb\":{\"@id\":\"https:\/\/www.museoarcheologiconapoli.it\/en\/privacy-policy-app-mann-in-bike\/#breadcrumb\"},\"inLanguage\":\"en-US\",\"potentialAction\":[{\"@type\":\"ReadAction\",\"target\":[\"https:\/\/www.museoarcheologiconapoli.it\/en\/privacy-policy-app-mann-in-bike\/\"]}]},{\"@type\":\"BreadcrumbList\",\"@id\":\"https:\/\/www.museoarcheologiconapoli.it\/en\/privacy-policy-app-mann-in-bike\/#breadcrumb\",\"itemListElement\":[{\"@type\":\"ListItem\",\"position\":1,\"name\":\"Home\",\"item\":\"https:\/\/www.museoarcheologiconapoli.it\/en\/\"},{\"@type\":\"ListItem\",\"position\":2,\"name\":\"Privacy Policy App MANN in Bike\"}]},{\"@type\":\"WebSite\",\"@id\":\"https:\/\/www.museoarcheologiconapoli.it\/#website\",\"url\":\"https:\/\/www.museoarcheologiconapoli.it\/\",\"name\":\"mann napoli|museo archeologico di napoli\",\"description\":\"\",\"publisher\":{\"@id\":\"https:\/\/www.museoarcheologiconapoli.it\/#organization\"},\"potentialAction\":[{\"@type\":\"SearchAction\",\"target\":{\"@type\":\"EntryPoint\",\"urlTemplate\":\"https:\/\/www.museoarcheologiconapoli.it\/?s={search_term_string}\"},\"query-input\":{\"@type\":\"PropertyValueSpecification\",\"valueRequired\":true,\"valueName\":\"search_term_string\"}}],\"inLanguage\":\"en-US\"},{\"@type\":\"Organization\",\"@id\":\"https:\/\/www.museoarcheologiconapoli.it\/#organization\",\"name\":\"mann napoli|museo archeologico di napoli\",\"url\":\"https:\/\/www.museoarcheologiconapoli.it\/\",\"logo\":{\"@type\":\"ImageObject\",\"inLanguage\":\"en-US\",\"@id\":\"https:\/\/www.museoarcheologiconapoli.it\/#\/schema\/logo\/image\/\",\"url\":\"https:\/\/www.museoarcheologiconapoli.it\/mann\/uploads\/2025\/06\/logo-title-black.svg\",\"contentUrl\":\"https:\/\/www.museoarcheologiconapoli.it\/mann\/uploads\/2025\/06\/logo-title-black.svg\",\"width\":1,\"height\":1,\"caption\":\"mann napoli|museo archeologico di napoli\"},\"image\":{\"@id\":\"https:\/\/www.museoarcheologiconapoli.it\/#\/schema\/logo\/image\/\"},\"sameAs\":[\"https:\/\/www.facebook.com\/MANNapoli\",\"https:\/\/x.com\/mannapoli\",\"https:\/\/www.instagram.com\/museoarcheologiconapoli?igshid=yzwn4a82knl\",\"https:\/\/www.youtube.com\/@museoarcheologiconapoli\"]}]}<\/script>\n<!-- \/ Yoast SEO plugin. -->","yoast_head_json":{"title":"Privacy Policy App MANN in Bike - mann napoli|museo archeologico di napoli","robots":{"index":"index","follow":"follow","max-snippet":"max-snippet:-1","max-image-preview":"max-image-preview:large","max-video-preview":"max-video-preview:-1"},"canonical":"https:\/\/www.museoarcheologiconapoli.it\/en\/privacy-policy-app-mann-in-bike\/","og_locale":"en_US","og_type":"article","og_title":"Privacy Policy App MANN in Bike - mann napoli|museo archeologico di napoli","og_description":"[vc_row][vc_column][vc_column_text css=&#8221;&#8221;]INFORMATIVAAI SENSI DELL\u2019ART. 13 DEL REGOLAMENTO GENERALE PER LA PROTEZIONE DEI DATI PERSONALI UE 2016\/679 (GDPR) Il presente documento, &#8220;Privacy Policy App MANN in Bike\u201d (di seguito Policy), \u00e8 stato predisposto al fine di permetterLe di conoscere la nostra politica sulla Privacy, per capire come le sue informazioni personali vengono gestite quando utilizza l\u2019applicazione&hellip;","og_url":"https:\/\/www.museoarcheologiconapoli.it\/en\/privacy-policy-app-mann-in-bike\/","og_site_name":"mann napoli|museo archeologico di napoli","article_publisher":"https:\/\/www.facebook.com\/MANNapoli","article_modified_time":"2025-07-16T09:40:39+00:00","twitter_card":"summary_large_image","twitter_site":"@mannapoli","twitter_misc":{"Est. reading time":"4 minutes"},"schema":{"@context":"https:\/\/schema.org","@graph":[{"@type":"WebPage","@id":"https:\/\/www.museoarcheologiconapoli.it\/en\/privacy-policy-app-mann-in-bike\/","url":"https:\/\/www.museoarcheologiconapoli.it\/en\/privacy-policy-app-mann-in-bike\/","name":"Privacy Policy App MANN in Bike - mann napoli|museo archeologico di napoli","isPartOf":{"@id":"https:\/\/www.museoarcheologiconapoli.it\/#website"},"datePublished":"2025-07-02T09:59:30+00:00","dateModified":"2025-07-16T09:40:39+00:00","breadcrumb":{"@id":"https:\/\/www.museoarcheologiconapoli.it\/en\/privacy-policy-app-mann-in-bike\/#breadcrumb"},"inLanguage":"en-US","potentialAction":[{"@type":"ReadAction","target":["https:\/\/www.museoarcheologiconapoli.it\/en\/privacy-policy-app-mann-in-bike\/"]}]},{"@type":"BreadcrumbList","@id":"https:\/\/www.museoarcheologiconapoli.it\/en\/privacy-policy-app-mann-in-bike\/#breadcrumb","itemListElement":[{"@type":"ListItem","position":1,"name":"Home","item":"https:\/\/www.museoarcheologiconapoli.it\/en\/"},{"@type":"ListItem","position":2,"name":"Privacy Policy App MANN in Bike"}]},{"@type":"WebSite","@id":"https:\/\/www.museoarcheologiconapoli.it\/#website","url":"https:\/\/www.museoarcheologiconapoli.it\/","name":"mann napoli|museo archeologico di napoli","description":"","publisher":{"@id":"https:\/\/www.museoarcheologiconapoli.it\/#organization"},"potentialAction":[{"@type":"SearchAction","target":{"@type":"EntryPoint","urlTemplate":"https:\/\/www.museoarcheologiconapoli.it\/?s={search_term_string}"},"query-input":{"@type":"PropertyValueSpecification","valueRequired":true,"valueName":"search_term_string"}}],"inLanguage":"en-US"},{"@type":"Organization","@id":"https:\/\/www.museoarcheologiconapoli.it\/#organization","name":"mann napoli|museo archeologico di napoli","url":"https:\/\/www.museoarcheologiconapoli.it\/","logo":{"@type":"ImageObject","inLanguage":"en-US","@id":"https:\/\/www.museoarcheologiconapoli.it\/#\/schema\/logo\/image\/","url":"https:\/\/www.museoarcheologiconapoli.it\/mann\/uploads\/2025\/06\/logo-title-black.svg","contentUrl":"https:\/\/www.museoarcheologiconapoli.it\/mann\/uploads\/2025\/06\/logo-title-black.svg","width":1,"height":1,"caption":"mann napoli|museo archeologico di napoli"},"image":{"@id":"https:\/\/www.museoarcheologiconapoli.it\/#\/schema\/logo\/image\/"},"sameAs":["https:\/\/www.facebook.com\/MANNapoli","https:\/\/x.com\/mannapoli","https:\/\/www.instagram.com\/museoarcheologiconapoli?igshid=yzwn4a82knl","https:\/\/www.youtube.com\/@museoarcheologiconapoli"]}]}},"jetpack_sharing_enabled":true,"_links":{"self":[{"href":"https:\/\/www.museoarcheologiconapoli.it\/en\/wp-json\/wp\/v2\/pages\/3068","targetHints":{"allow":["GET"]}}],"collection":[{"href":"https:\/\/www.museoarcheologiconapoli.it\/en\/wp-json\/wp\/v2\/pages"}],"about":[{"href":"https:\/\/www.museoarcheologiconapoli.it\/en\/wp-json\/wp\/v2\/types\/page"}],"author":[{"embeddable":true,"href":"https:\/\/www.museoarcheologiconapoli.it\/en\/wp-json\/wp\/v2\/users\/1"}],"replies":[{"embeddable":true,"href":"https:\/\/www.museoarcheologiconapoli.it\/en\/wp-json\/wp\/v2\/comments?post=3068"}],"version-history":[{"count":2,"href":"https:\/\/www.museoarcheologiconapoli.it\/en\/wp-json\/wp\/v2\/pages\/3068\/revisions"}],"predecessor-version":[{"id":3070,"href":"https:\/\/www.museoarcheologiconapoli.it\/en\/wp-json\/wp\/v2\/pages\/3068\/revisions\/3070"}],"wp:attachment":[{"href":"https:\/\/www.museoarcheologiconapoli.it\/en\/wp-json\/wp\/v2\/media?parent=3068"}],"curies":[{"name":"wp","href":"https:\/\/api.w.org\/{rel}","templated":true}]}}